{"id":1144,"date":"2019-09-12T14:26:00","date_gmt":"2019-09-12T14:26:00","guid":{"rendered":"https:\/\/grandprix.qodeinteractive.com\/?page_id=1144"},"modified":"2025-01-21T21:55:57","modified_gmt":"2025-01-21T21:55:57","slug":"hakkimizda","status":"publish","type":"page","link":"https:\/\/raweman.com\/en\/hakkimizda\/","title":{"rendered":"About Us"},"content":{"rendered":"<div class=\"wpb-content-wrapper\"><p>[vc_row disable_background_image=&#8221;&#8221;][vc_column][vc_empty_space height=&#8221;15px&#8221;][\/vc_column][\/vc_row][vc_row row_content_width=&#8221;grid&#8221; disable_background_image=&#8221;&#8221;][vc_column width=&#8221;2\/3&#8243;][vc_single_image image=&#8221;2647&#8243; img_size=&#8221;550&#215;630&#8243; alignment=&#8221;center&#8221; css=&#8221;&#8221;][\/vc_column][vc_column width=&#8221;1\/3&#8243;][vc_empty_space height=&#8221;15px&#8221;][vc_column_text css=&#8221;&#8221;]<\/p>\n<p class=\"ng-star-inserted\"><span class=\"ng-star-inserted\">Our company was founded in 1986 by two brothers under the name \u015eaft\u00e7\u0131 Karde\u015fler Ltd. \u015eti. In the early years, it operated in the fields of shaft repair and maintenance, industrial balancing services, and manufacturing of ball valves for tankers and heating systems. Our company, which continued these services until 2002, focused on the production of ball valves after this date, leaving shaft repair and maintenance services behind. In 2009, it started manufacturing bottom loading systems for tankers.<\/span><\/p>\n<p class=\"ng-star-inserted\"><span class=\"ng-star-inserted\">In 2017, the company&#8217;s partnership structure changed, and our company continued its journey as Raweman Otomotiv Ltd. \u015eti. Since 2017, it has continued to provide services in different sectors both domestically and abroad without compromising on quality. In line with the demands of our customers, in 2023, it also started the manufacturing of vacuum pumps for milking systems. Our company continues to serve farmers in Turkey and around the world without compromising on quality.<\/span><\/p>\n<p>[\/vc_column_text][\/vc_column][\/vc_row][vc_row row_content_width=&#8221;grid&#8221; disable_background_image=&#8221;&#8221; css=&#8221;.vc_custom_1737294432814{margin-bottom: 100px !important;padding-top: 50px !important;}&#8221;][vc_column width=&#8221;1\/2&#8243;][vc_custom_heading text=&#8221;Our Mission&#8221; google_fonts=&#8221;font_family:Monda%3Aregular%2C700|font_style:700%20bold%20regular%3A700%3Anormal&#8221; css=&#8221;&#8221;][vc_column_text css=&#8221;&#8221;]<\/p>\n<p class=\"ng-star-inserted\"><span class=\"ng-star-inserted\">To maintain customer satisfaction at the highest level by providing the fastest solutions to our customers&#8217; problems without compromising on quality.<\/span><\/p>\n<p>[\/vc_column_text][\/vc_column][vc_column width=&#8221;1\/2&#8243;][vc_custom_heading text=&#8221;Our Vision&#8221; font_container=&#8221;tag:h2|text_align:right&#8221; google_fonts=&#8221;font_family:Monda%3Aregular%2C700|font_style:700%20bold%20regular%3A700%3Anormal&#8221; css=&#8221;&#8221;][vc_column_text css=&#8221;&#8221;]<\/p>\n<p class=\"ng-star-inserted\" style=\"text-align: right;\"><span class=\"ng-star-inserted\">To continuously renew ourselves and our machinery by closely following global developments, innovations, and customer demands in the sector, and to continue our production activities by prioritizing sustainable energy.<\/span><\/p>\n<p>[\/vc_column_text][\/vc_column][\/vc_row]<\/p>\n<\/div>","protected":false},"excerpt":{"rendered":"<p>[vc_row disable_background_image=&#8221;&#8221;][vc_column][vc_empty_space height=&#8221;15px&#8221;][\/vc_column][\/vc_row][vc_row row_content_width=&#8221;grid&#8221; disable_background_image=&#8221;&#8221;][vc_column width=&#8221;2\/3&#8243;][vc_single_image image=&#8221;2647&#8243; img_size=&#8221;550&#215;630&#8243; alignment=&#8221;center&#8221; css=&#8221;&#8221;][\/vc_column][vc_column width=&#8221;1\/3&#8243;][vc_empty_space height=&#8221;15px&#8221;][vc_column_text css=&#8221;&#8221;] Our company was founded in 1986 by two brothers under the name \u015eaft\u00e7\u0131 Karde\u015fler Ltd. \u015eti. In the early years, it operated in the fields of shaft repair and maintenance, industrial balancing services, and manufacturing of ball valves [&hellip;]<\/p>\n","protected":false},"author":1,"featured_media":0,"parent":0,"menu_order":0,"comment_status":"closed","ping_status":"closed","template":"full-width.php","meta":{"footnotes":""},"class_list":["post-1144","page","type-page","status-publish","hentry"],"_links":{"self":[{"href":"https:\/\/raweman.com\/en\/wp-json\/wp\/v2\/pages\/1144","targetHints":{"allow":["GET"]}}],"collection":[{"href":"https:\/\/raweman.com\/en\/wp-json\/wp\/v2\/pages"}],"about":[{"href":"https:\/\/raweman.com\/en\/wp-json\/wp\/v2\/types\/page"}],"author":[{"embeddable":true,"href":"https:\/\/raweman.com\/en\/wp-json\/wp\/v2\/users\/1"}],"replies":[{"embeddable":true,"href":"https:\/\/raweman.com\/en\/wp-json\/wp\/v2\/comments?post=1144"}],"version-history":[{"count":18,"href":"https:\/\/raweman.com\/en\/wp-json\/wp\/v2\/pages\/1144\/revisions"}],"predecessor-version":[{"id":2984,"href":"https:\/\/raweman.com\/en\/wp-json\/wp\/v2\/pages\/1144\/revisions\/2984"}],"wp:attachment":[{"href":"https:\/\/raweman.com\/en\/wp-json\/wp\/v2\/media?parent=1144"}],"curies":[{"name":"wp","href":"https:\/\/api.w.org\/{rel}","templated":true}]}}